{"id":229,"date":"2023-05-22T18:58:28","date_gmt":"2023-05-22T16:58:28","guid":{"rendered":"https:\/\/fracas.lescigales.org\/?page_id=229"},"modified":"2024-06-07T14:54:05","modified_gmt":"2024-06-07T12:54:05","slug":"festival-de-bonnes","status":"publish","type":"page","link":"http:\/\/fracas.lescigales.org\/?page_id=229","title":{"rendered":"Festival 2023"},"content":{"rendered":"\t\t<div data-elementor-type=\"wp-page\" data-elementor-id=\"229\" class=\"elementor elementor-229\" data-elementor-settings=\"[]\">\n\t\t\t\t\t\t\t<div class=\"elementor-section-wrap\">\n\t\t\t\t\t\t\t<section class=\"elementor-section elementor-top-section elementor-element elementor-element-b80df8a elementor-section-height-min-height elementor-section-stretched elementor-section-boxed elementor-section-height-default elementor-section-items-middle\" data-id=\"b80df8a\" data-element_type=\"section\" data-settings=\"{&quot;stretch_section&quot;:&quot;section-stretched&quot;}\">\n\t\t\t\t\t\t<div class=\"elementor-container elementor-column-gap-narrow\">\n\t\t\t\t\t<div class=\"elementor-column elementor-col-100 elementor-top-column elementor-element elementor-element-5def57c\" data-id=\"5def57c\" data-element_type=\"column\">\n\t\t\t<div class=\"elementor-widget-wrap elementor-element-populated\">\n\t\t\t\t\t\t\t\t<div class=\"elementor-element elementor-element-aa8978e elementor-widget elementor-widget-text-editor\" data-id=\"aa8978e\" data-element_type=\"widget\" data-widget_type=\"text-editor.default\">\n\t\t\t\t<div class=\"elementor-widget-container\">\n\t\t\t<style>\/*! elementor - v3.5.5 - 03-02-2022 *\/\n.elementor-widget-text-editor.elementor-drop-cap-view-stacked .elementor-drop-cap{background-color:#818a91;color:#fff}.elementor-widget-text-editor.elementor-drop-cap-view-framed .elementor-drop-cap{color:#818a91;border:3px solid;background-color:transparent}.elementor-widget-text-editor:not(.elementor-drop-cap-view-default) .elementor-drop-cap{margin-top:8px}.elementor-widget-text-editor:not(.elementor-drop-cap-view-default) .elementor-drop-cap-letter{width:1em;height:1em}.elementor-widget-text-editor .elementor-drop-cap{float:left;text-align:center;line-height:1;font-size:50px}.elementor-widget-text-editor .elementor-drop-cap-letter{display:inline-block}<\/style>\t\t\t\t<h3>Festival des arts de la rue<\/h3><p>Quelle 1\u00e8re \u00e9dition !<\/p>\t\t\t\t\t\t<\/div>\n\t\t\t\t<\/div>\n\t\t\t\t\t<\/div>\n\t\t<\/div>\n\t\t\t\t\t\t\t<\/div>\n\t\t<\/section>\n\t\t\t\t<section class=\"elementor-section elementor-top-section elementor-element elementor-element-d57875e elementor-section-boxed elementor-section-height-default elementor-section-height-default\" data-id=\"d57875e\" data-element_type=\"section\">\n\t\t\t\t\t\t<div class=\"elementor-container elementor-column-gap-default\">\n\t\t\t\t\t<div class=\"elementor-column elementor-col-100 elementor-top-column elementor-element elementor-element-3ff4ddc\" data-id=\"3ff4ddc\" data-element_type=\"column\">\n\t\t\t<div class=\"elementor-widget-wrap elementor-element-populated\">\n\t\t\t\t\t\t\t\t<div class=\"elementor-element elementor-element-6152562 elementor-widget elementor-widget-image\" data-id=\"6152562\" data-element_type=\"widget\" data-widget_type=\"image.default\">\n\t\t\t\t<div class=\"elementor-widget-container\">\n\t\t\t<style>\/*! elementor - v3.5.5 - 03-02-2022 *\/\n.elementor-widget-image{text-align:center}.elementor-widget-image a{display:inline-block}.elementor-widget-image a img[src$=\".svg\"]{width:48px}.elementor-widget-image img{vertical-align:middle;display:inline-block}<\/style>\t\t\t\t\t\t\t\t\t\t\t\t\t<a href=\"https:\/\/www.facebook.com\/events\/601407205370348\" target=\"_blank\">\n\t\t\t\t\t\t\t<img loading=\"lazy\" decoding=\"async\" width=\"580\" height=\"820\" src=\"http:\/\/fracas.lescigales.org\/wp-content\/uploads\/2023\/09\/Affiche-officielle-724x1024.png\" class=\"attachment-large size-large\" alt=\"\" srcset=\"http:\/\/fracas.lescigales.org\/wp-content\/uploads\/2023\/09\/Affiche-officielle-724x1024.png 724w, http:\/\/fracas.lescigales.org\/wp-content\/uploads\/2023\/09\/Affiche-officielle-212x300.png 212w, http:\/\/fracas.lescigales.org\/wp-content\/uploads\/2023\/09\/Affiche-officielle-768x1086.png 768w, http:\/\/fracas.lescigales.org\/wp-content\/uploads\/2023\/09\/Affiche-officielle-1086x1536.png 1086w, http:\/\/fracas.lescigales.org\/wp-content\/uploads\/2023\/09\/Affiche-officielle-1200x1697.png 1200w, http:\/\/fracas.lescigales.org\/wp-content\/uploads\/2023\/09\/Affiche-officielle.png 1414w\" sizes=\"(max-width: 580px) 100vw, 580px\" \/>\t\t\t\t\t\t\t\t<\/a>\n\t\t\t\t\t\t\t\t\t\t\t\t\t\t\t<\/div>\n\t\t\t\t<\/div>\n\t\t\t\t\t<\/div>\n\t\t<\/div>\n\t\t\t\t\t\t\t<\/div>\n\t\t<\/section>\n\t\t\t\t<section class=\"elementor-section elementor-top-section elementor-element elementor-element-1c2e0cc elementor-section-height-min-height elementor-section-stretched elementor-section-boxed elementor-section-height-default elementor-section-items-middle\" data-id=\"1c2e0cc\" data-element_type=\"section\" data-settings=\"{&quot;stretch_section&quot;:&quot;section-stretched&quot;}\">\n\t\t\t\t\t\t<div class=\"elementor-container elementor-column-gap-no\">\n\t\t\t\t\t<div class=\"elementor-column elementor-col-100 elementor-top-column elementor-element elementor-element-a699190\" data-id=\"a699190\" data-element_type=\"column\">\n\t\t\t<div class=\"elementor-widget-wrap elementor-element-populated\">\n\t\t\t\t\t\t\t\t<div class=\"elementor-element elementor-element-8112b07 elementor-widget elementor-widget-text-editor\" data-id=\"8112b07\" data-element_type=\"widget\" data-widget_type=\"text-editor.default\">\n\t\t\t\t<div class=\"elementor-widget-container\">\n\t\t\t\t\t\t\t<p>Le <a href=\"https:\/\/www.facebook.com\/bonnartcafe\/\" target=\"_blank\" rel=\"noopener\">Bonn&rsquo;Art Caf\u00e9<\/a> et Fracas se sont r\u00e9unis, de novembre 2022 \u00e0 ao\u00fbt 2023, autour d&rsquo;un projet un peu farfelu: la cr\u00e9ation d&rsquo;un festival de rue.<\/p><p><strong>Une r\u00e9ussite!<\/strong><\/p><p>Les 19 et 20 ao\u00fbt 2023,\u00a0 spectacles de marionnette, musique, danse, th\u00e9\u00e2tre, cirque&#8230; ont investis les rues du village de Bonnes dans le sud Charente (16), en parall\u00e8le de la f\u00eate du village, organis\u00e9 par le Comit\u00e9 des F\u00eates.<\/p><p>Une quinzaine d&rsquo;artistes sont venu-es se produire devant environ 200 personnes, d&rsquo;ici ou d&rsquo;ailleurs.<\/p><p>Les animations (atelier de cirque et descente de caisses \u00e0 savon) ont \u00e9galement attir\u00e9s du monde!<\/p><p><strong>Merci!<\/strong><\/p><p>Les deux associations souhaitent remercier le public, qui a os\u00e9 affronter la chaleur torride de ce week-end d&rsquo;ao\u00fbt, ainsi que les artistes, les partenaires financiers pour leurs soutiens, les contributeurs et contributrices de la cagnotte en ligne et les b\u00e9n\u00e9voles!!<\/p><p>Sans toutes ces personnes, le festival n&rsquo;aurait pu voir le jour alors encore une fois,<\/p><p style=\"text-align: center;\"><strong>MERCI !<\/strong><\/p><p>\u00a0<\/p><p>N&rsquo;h\u00e9sitez pas \u00e0 aller faire un tour sur notre <a href=\"https:\/\/fracas.lescigales.org\/?page_id=400\">galerie<\/a>!<\/p>\t\t\t\t\t\t<\/div>\n\t\t\t\t<\/div>\n\t\t\t\t\t<\/div>\n\t\t<\/div>\n\t\t\t\t\t\t\t<\/div>\n\t\t<\/section>\n\t\t\t\t<section class=\"elementor-section elementor-top-section elementor-element elementor-element-649d8a8 elementor-section-boxed elementor-section-height-default elementor-section-height-default\" data-id=\"649d8a8\" data-element_type=\"section\">\n\t\t\t\t\t\t<div class=\"elementor-container elementor-column-gap-default\">\n\t\t\t\t\t<div class=\"elementor-column elementor-col-100 elementor-top-column elementor-element elementor-element-9ceb3b8\" data-id=\"9ceb3b8\" data-element_type=\"column\">\n\t\t\t<div class=\"elementor-widget-wrap elementor-element-populated\">\n\t\t\t\t\t\t\t\t<div class=\"elementor-element elementor-element-015daec elementor-widget elementor-widget-text-editor\" data-id=\"015daec\" data-element_type=\"widget\" data-widget_type=\"text-editor.default\">\n\t\t\t\t<div class=\"elementor-widget-container\">\n\t\t\t\t\t\t\t<p style=\"text-align: center;\"><strong><span style=\"text-decoration: underline;\">Les artistes du festival<\/span><\/strong><\/p><p style=\"text-align: center;\">La compagnie <a href=\"http:\/\/lesinvoltes.fr\/\" target=\"_blank\" rel=\"noopener\">Les Involtes<\/a> \u00ab\u00a0Chiffon et ses moutons\u00a0\u00bb<\/p><p style=\"text-align: center;\">La compagnie <a href=\"https:\/\/cietouteentiere.wixsite.com\/accueil\" target=\"_blank\" rel=\"noopener\">Toute Enti\u00e8re<\/a> \u00ab\u00a0Eireann\u00a0\u00bb<\/p><p style=\"text-align: center;\"><a href=\"https:\/\/www.facebook.com\/pina.loches\" target=\"_blank\" rel=\"noopener\">Pina Loches<\/a> \u00ab\u00a0Les vacances de Pina Loches\u00a0\u00bb<\/p><p style=\"text-align: center;\"><a href=\"https:\/\/www.facebook.com\/Zintiiia\" target=\"_blank\" rel=\"noopener\">Cynthia<\/a> \u00ab\u00a0J&rsquo;irai d\u00e9crocher la lune\u00a0\u00bb<\/p><p style=\"text-align: center;\">Chris \u00ab\u00a0Dompter la gravit\u00e9\u00a0\u00bb<\/p><p style=\"text-align: center;\"><a href=\"https:\/\/www.facebook.com\/profile.php?id=100063472333881\" target=\"_blank\" rel=\"noopener\">La F.A.T<\/a> Fanfare Artisanale Traditionnelle<\/p><p style=\"text-align: center;\">Mac Jazz New Orleans<\/p><p style=\"text-align: center;\"><a href=\"https:\/\/www.facebook.com\/sido.lardanchet\" target=\"_blank\" rel=\"noopener\">Sidonie Lardanchet<\/a> \u00ab\u00a0Au hasard des oiseaux\u00a0\u00bb<\/p>\t\t\t\t\t\t<\/div>\n\t\t\t\t<\/div>\n\t\t\t\t\t<\/div>\n\t\t<\/div>\n\t\t\t\t\t\t\t<\/div>\n\t\t<\/section>\n\t\t\t\t<section class=\"elementor-section elementor-top-section elementor-element elementor-element-65dd89c elementor-section-boxed elementor-section-height-default elementor-section-height-default\" data-id=\"65dd89c\" data-element_type=\"section\">\n\t\t\t\t\t\t<div class=\"elementor-container elementor-column-gap-default\">\n\t\t\t\t\t<div class=\"elementor-column elementor-col-100 elementor-top-column elementor-element elementor-element-e1ef7c1\" data-id=\"e1ef7c1\" data-element_type=\"column\">\n\t\t\t<div class=\"elementor-widget-wrap elementor-element-populated\">\n\t\t\t\t\t\t\t\t<div class=\"elementor-element elementor-element-2afe8db elementor-widget elementor-widget-heading\" data-id=\"2afe8db\" data-element_type=\"widget\" data-widget_type=\"heading.default\">\n\t\t\t\t<div class=\"elementor-widget-container\">\n\t\t\t<style>\/*! elementor - v3.5.5 - 03-02-2022 *\/\n.elementor-heading-title{padding:0;margin:0;line-height:1}.elementor-widget-heading .elementor-heading-title[class*=elementor-size-]>a{color:inherit;font-size:inherit;line-height:inherit}.elementor-widget-heading .elementor-heading-title.elementor-size-small{font-size:15px}.elementor-widget-heading .elementor-heading-title.elementor-size-medium{font-size:19px}.elementor-widget-heading .elementor-heading-title.elementor-size-large{font-size:29px}.elementor-widget-heading .elementor-heading-title.elementor-size-xl{font-size:39px}.elementor-widget-heading .elementor-heading-title.elementor-size-xxl{font-size:59px}<\/style><h2 class=\"elementor-heading-title elementor-size-default\">Les partenaires du festival<\/h2>\t\t<\/div>\n\t\t\t\t<\/div>\n\t\t\t\t\t<\/div>\n\t\t<\/div>\n\t\t\t\t\t\t\t<\/div>\n\t\t<\/section>\n\t\t\t\t<section class=\"elementor-section elementor-top-section elementor-element elementor-element-968abf5 elementor-section-boxed elementor-section-height-default elementor-section-height-default\" data-id=\"968abf5\" data-element_type=\"section\">\n\t\t\t\t\t\t<div class=\"elementor-container elementor-column-gap-default\">\n\t\t\t\t\t<div class=\"elementor-column elementor-col-25 elementor-top-column elementor-element elementor-element-3acd15e\" data-id=\"3acd15e\" data-element_type=\"column\">\n\t\t\t<div class=\"elementor-widget-wrap elementor-element-populated\">\n\t\t\t\t\t\t\t\t<div class=\"elementor-element elementor-element-09f028f elementor-widget elementor-widget-image\" data-id=\"09f028f\" data-element_type=\"widget\" data-widget_type=\"image.default\">\n\t\t\t\t<div class=\"elementor-widget-container\">\n\t\t\t\t\t\t\t\t\t\t\t\t\t\t\t<img loading=\"lazy\" decoding=\"async\" width=\"580\" height=\"229\" src=\"http:\/\/fracas.lescigales.org\/wp-content\/uploads\/2023\/05\/logo_cg16-1024x405.jpg\" class=\"attachment-large size-large\" alt=\"\" srcset=\"http:\/\/fracas.lescigales.org\/wp-content\/uploads\/2023\/05\/logo_cg16-1024x405.jpg 1024w, http:\/\/fracas.lescigales.org\/wp-content\/uploads\/2023\/05\/logo_cg16-300x119.jpg 300w, http:\/\/fracas.lescigales.org\/wp-content\/uploads\/2023\/05\/logo_cg16-768x303.jpg 768w, http:\/\/fracas.lescigales.org\/wp-content\/uploads\/2023\/05\/logo_cg16.jpg 1048w\" sizes=\"(max-width: 580px) 100vw, 580px\" \/>\t\t\t\t\t\t\t\t\t\t\t\t\t\t\t<\/div>\n\t\t\t\t<\/div>\n\t\t\t\t\t<\/div>\n\t\t<\/div>\n\t\t\t\t<div class=\"elementor-column elementor-col-25 elementor-top-column elementor-element elementor-element-727e257\" data-id=\"727e257\" data-element_type=\"column\">\n\t\t\t<div class=\"elementor-widget-wrap elementor-element-populated\">\n\t\t\t\t\t\t\t\t<div class=\"elementor-element elementor-element-eaa2a0a elementor-widget elementor-widget-image\" data-id=\"eaa2a0a\" data-element_type=\"widget\" data-widget_type=\"image.default\">\n\t\t\t\t<div class=\"elementor-widget-container\">\n\t\t\t\t\t\t\t\t\t\t\t\t\t\t\t<img loading=\"lazy\" decoding=\"async\" width=\"266\" height=\"190\" src=\"http:\/\/fracas.lescigales.org\/wp-content\/uploads\/2023\/05\/Credit-Agricole.png\" class=\"attachment-large size-large\" alt=\"\" \/>\t\t\t\t\t\t\t\t\t\t\t\t\t\t\t<\/div>\n\t\t\t\t<\/div>\n\t\t\t\t\t<\/div>\n\t\t<\/div>\n\t\t\t\t<div class=\"elementor-column elementor-col-25 elementor-top-column elementor-element elementor-element-290d484\" data-id=\"290d484\" data-element_type=\"column\">\n\t\t\t<div class=\"elementor-widget-wrap elementor-element-populated\">\n\t\t\t\t\t\t\t\t<div class=\"elementor-element elementor-element-b061235 elementor-widget elementor-widget-image\" data-id=\"b061235\" data-element_type=\"widget\" data-widget_type=\"image.default\">\n\t\t\t\t<div class=\"elementor-widget-container\">\n\t\t\t\t\t\t\t\t\t\t\t\t\t\t\t<img loading=\"lazy\" decoding=\"async\" width=\"181\" height=\"180\" src=\"http:\/\/fracas.lescigales.org\/wp-content\/uploads\/2023\/09\/l01t00-4C-logo-MAIF-180X180.jpg\" class=\"attachment-large size-large\" alt=\"\" srcset=\"http:\/\/fracas.lescigales.org\/wp-content\/uploads\/2023\/09\/l01t00-4C-logo-MAIF-180X180.jpg 181w, http:\/\/fracas.lescigales.org\/wp-content\/uploads\/2023\/09\/l01t00-4C-logo-MAIF-180X180-150x150.jpg 150w\" sizes=\"(max-width: 181px) 100vw, 181px\" \/>\t\t\t\t\t\t\t\t\t\t\t\t\t\t\t<\/div>\n\t\t\t\t<\/div>\n\t\t\t\t\t<\/div>\n\t\t<\/div>\n\t\t\t\t<div class=\"elementor-column elementor-col-25 elementor-top-column elementor-element elementor-element-0843ca8\" data-id=\"0843ca8\" data-element_type=\"column\">\n\t\t\t<div class=\"elementor-widget-wrap elementor-element-populated\">\n\t\t\t\t\t\t\t\t<div class=\"elementor-element elementor-element-b3e972f elementor-widget elementor-widget-image\" data-id=\"b3e972f\" data-element_type=\"widget\" data-widget_type=\"image.default\">\n\t\t\t\t<div class=\"elementor-widget-container\">\n\t\t\t\t\t\t\t\t\t\t\t\t\t\t\t<img loading=\"lazy\" decoding=\"async\" width=\"369\" height=\"137\" src=\"http:\/\/fracas.lescigales.org\/wp-content\/uploads\/2023\/09\/CdC-LTD.jpg\" class=\"attachment-large size-large\" alt=\"\" srcset=\"http:\/\/fracas.lescigales.org\/wp-content\/uploads\/2023\/09\/CdC-LTD.jpg 369w, http:\/\/fracas.lescigales.org\/wp-content\/uploads\/2023\/09\/CdC-LTD-300x111.jpg 300w\" sizes=\"(max-width: 369px) 100vw, 369px\" \/>\t\t\t\t\t\t\t\t\t\t\t\t\t\t\t<\/div>\n\t\t\t\t<\/div>\n\t\t\t\t\t<\/div>\n\t\t<\/div>\n\t\t\t\t\t\t\t<\/div>\n\t\t<\/section>\n\t\t\t\t<section class=\"elementor-section elementor-top-section elementor-element elementor-element-9f72b32 elementor-section-boxed elementor-section-height-default elementor-section-height-default\" data-id=\"9f72b32\" data-element_type=\"section\">\n\t\t\t\t\t\t<div class=\"elementor-container elementor-column-gap-default\">\n\t\t\t\t\t<div class=\"elementor-column elementor-col-25 elementor-top-column elementor-element elementor-element-ee23d41\" data-id=\"ee23d41\" data-element_type=\"column\">\n\t\t\t<div class=\"elementor-widget-wrap elementor-element-populated\">\n\t\t\t\t\t\t\t\t<div class=\"elementor-element elementor-element-f1c6b8a elementor-widget elementor-widget-image\" data-id=\"f1c6b8a\" data-element_type=\"widget\" data-widget_type=\"image.default\">\n\t\t\t\t<div class=\"elementor-widget-container\">\n\t\t\t\t\t\t\t\t\t\t\t\t\t\t\t<img loading=\"lazy\" decoding=\"async\" width=\"44\" height=\"44\" src=\"http:\/\/fracas.lescigales.org\/wp-content\/uploads\/2023\/09\/La-Mie-de-Bonnes.jpg\" class=\"attachment-large size-large\" alt=\"\" \/>\t\t\t\t\t\t\t\t\t\t\t\t\t\t\t<\/div>\n\t\t\t\t<\/div>\n\t\t\t\t\t<\/div>\n\t\t<\/div>\n\t\t\t\t<div class=\"elementor-column elementor-col-25 elementor-top-column elementor-element elementor-element-e695de3\" data-id=\"e695de3\" data-element_type=\"column\">\n\t\t\t<div class=\"elementor-widget-wrap elementor-element-populated\">\n\t\t\t\t\t\t\t\t<div class=\"elementor-element elementor-element-299bce3 elementor-widget elementor-widget-image\" data-id=\"299bce3\" data-element_type=\"widget\" data-widget_type=\"image.default\">\n\t\t\t\t<div class=\"elementor-widget-container\">\n\t\t\t\t\t\t\t\t\t\t\t\t\t\t\t<img loading=\"lazy\" decoding=\"async\" width=\"434\" height=\"145\" src=\"http:\/\/fracas.lescigales.org\/wp-content\/uploads\/2023\/09\/Bonnes.jpg\" class=\"attachment-large size-large\" alt=\"\" srcset=\"http:\/\/fracas.lescigales.org\/wp-content\/uploads\/2023\/09\/Bonnes.jpg 434w, http:\/\/fracas.lescigales.org\/wp-content\/uploads\/2023\/09\/Bonnes-300x100.jpg 300w\" sizes=\"(max-width: 434px) 100vw, 434px\" \/>\t\t\t\t\t\t\t\t\t\t\t\t\t\t\t<\/div>\n\t\t\t\t<\/div>\n\t\t\t\t\t<\/div>\n\t\t<\/div>\n\t\t\t\t<div class=\"elementor-column elementor-col-25 elementor-top-column elementor-element elementor-element-03ad357\" data-id=\"03ad357\" data-element_type=\"column\">\n\t\t\t<div class=\"elementor-widget-wrap elementor-element-populated\">\n\t\t\t\t\t\t\t\t<div class=\"elementor-element elementor-element-aef6635 elementor-widget elementor-widget-image\" data-id=\"aef6635\" data-element_type=\"widget\" data-widget_type=\"image.default\">\n\t\t\t\t<div class=\"elementor-widget-container\">\n\t\t\t\t\t\t\t\t\t\t\t\t\t\t\t<img loading=\"lazy\" decoding=\"async\" width=\"580\" height=\"220\" src=\"http:\/\/fracas.lescigales.org\/wp-content\/uploads\/2023\/09\/Biocoop-1024x389.png\" class=\"attachment-large size-large\" alt=\"\" srcset=\"http:\/\/fracas.lescigales.org\/wp-content\/uploads\/2023\/09\/Biocoop-1024x389.png 1024w, http:\/\/fracas.lescigales.org\/wp-content\/uploads\/2023\/09\/Biocoop-300x114.png 300w, http:\/\/fracas.lescigales.org\/wp-content\/uploads\/2023\/09\/Biocoop-768x292.png 768w, http:\/\/fracas.lescigales.org\/wp-content\/uploads\/2023\/09\/Biocoop-1536x583.png 1536w, http:\/\/fracas.lescigales.org\/wp-content\/uploads\/2023\/09\/Biocoop-2048x778.png 2048w, http:\/\/fracas.lescigales.org\/wp-content\/uploads\/2023\/09\/Biocoop-1200x456.png 1200w, http:\/\/fracas.lescigales.org\/wp-content\/uploads\/2023\/09\/Biocoop-1980x752.png 1980w\" sizes=\"(max-width: 580px) 100vw, 580px\" \/>\t\t\t\t\t\t\t\t\t\t\t\t\t\t\t<\/div>\n\t\t\t\t<\/div>\n\t\t\t\t\t<\/div>\n\t\t<\/div>\n\t\t\t\t<div class=\"elementor-column elementor-col-25 elementor-top-column elementor-element elementor-element-f979d19\" data-id=\"f979d19\" data-element_type=\"column\">\n\t\t\t<div class=\"elementor-widget-wrap elementor-element-populated\">\n\t\t\t\t\t\t\t\t<div class=\"elementor-element elementor-element-0d2ff37 elementor-widget elementor-widget-image\" data-id=\"0d2ff37\" data-element_type=\"widget\" data-widget_type=\"image.default\">\n\t\t\t\t<div class=\"elementor-widget-container\">\n\t\t\t\t\t\t\t\t\t\t\t\t\t\t\t<img loading=\"lazy\" decoding=\"async\" width=\"580\" height=\"178\" src=\"http:\/\/fracas.lescigales.org\/wp-content\/uploads\/2023\/09\/logo-calitom-violet-vert-jpg-1024x315.jpg\" class=\"attachment-large size-large\" alt=\"\" srcset=\"http:\/\/fracas.lescigales.org\/wp-content\/uploads\/2023\/09\/logo-calitom-violet-vert-jpg-1024x315.jpg 1024w, http:\/\/fracas.lescigales.org\/wp-content\/uploads\/2023\/09\/logo-calitom-violet-vert-jpg-300x92.jpg 300w, http:\/\/fracas.lescigales.org\/wp-content\/uploads\/2023\/09\/logo-calitom-violet-vert-jpg-768x236.jpg 768w, http:\/\/fracas.lescigales.org\/wp-content\/uploads\/2023\/09\/logo-calitom-violet-vert-jpg.jpg 1106w\" sizes=\"(max-width: 580px) 100vw, 580px\" \/>\t\t\t\t\t\t\t\t\t\t\t\t\t\t\t<\/div>\n\t\t\t\t<\/div>\n\t\t\t\t\t<\/div>\n\t\t<\/div>\n\t\t\t\t\t\t\t<\/div>\n\t\t<\/section>\n\t\t\t\t\t\t<\/div>\n\t\t\t\t\t<\/div>\n\t\t","protected":false},"excerpt":{"rendered":"<p>Festival des arts de la rue Quelle 1\u00e8re \u00e9dition ! Le Bonn&rsquo;Art Caf\u00e9 et Fracas se sont r\u00e9unis, de novembre 2022 \u00e0 ao\u00fbt 2023, autour d&rsquo;un projet un peu farfelu: la cr\u00e9ation d&rsquo;un festival de rue. Une r\u00e9ussite! Les 19 et 20 ao\u00fbt 2023,\u00a0 spectacles de marionnette, musique, danse, th\u00e9\u00e2tre, cirque&#8230; ont investis les rues [&hellip;]<\/p>\n","protected":false},"author":2,"featured_media":0,"parent":0,"menu_order":0,"comment_status":"closed","ping_status":"closed","template":"","meta":{"footnotes":""},"_links":{"self":[{"href":"http:\/\/fracas.lescigales.org\/index.php?rest_route=\/wp\/v2\/pages\/229"}],"collection":[{"href":"http:\/\/fracas.lescigales.org\/index.php?rest_route=\/wp\/v2\/pages"}],"about":[{"href":"http:\/\/fracas.lescigales.org\/index.php?rest_route=\/wp\/v2\/types\/page"}],"author":[{"embeddable":true,"href":"http:\/\/fracas.lescigales.org\/index.php?rest_route=\/wp\/v2\/users\/2"}],"replies":[{"embeddable":true,"href":"http:\/\/fracas.lescigales.org\/index.php?rest_route=%2Fwp%2Fv2%2Fcomments&post=229"}],"version-history":[{"count":44,"href":"http:\/\/fracas.lescigales.org\/index.php?rest_route=\/wp\/v2\/pages\/229\/revisions"}],"predecessor-version":[{"id":580,"href":"http:\/\/fracas.lescigales.org\/index.php?rest_route=\/wp\/v2\/pages\/229\/revisions\/580"}],"wp:attachment":[{"href":"http:\/\/fracas.lescigales.org\/index.php?rest_route=%2Fwp%2Fv2%2Fmedia&parent=229"}],"curies":[{"name":"wp","href":"https:\/\/api.w.org\/{rel}","templated":true}]}}