{"id":467,"date":"2024-02-01T15:04:50","date_gmt":"2024-02-01T14:04:50","guid":{"rendered":"https:\/\/fracas.lescigales.org\/?page_id=467"},"modified":"2024-07-20T14:27:23","modified_gmt":"2024-07-20T12:27:23","slug":"festival-2024","status":"publish","type":"page","link":"http:\/\/fracas.lescigales.org\/?page_id=467","title":{"rendered":"Festival 2024"},"content":{"rendered":"\t\t<div data-elementor-type=\"wp-page\" data-elementor-id=\"467\" class=\"elementor elementor-467\" data-elementor-settings=\"[]\">\n\t\t\t\t\t\t\t<div class=\"elementor-section-wrap\">\n\t\t\t\t\t\t\t<section class=\"elementor-section elementor-top-section elementor-element elementor-element-a839e8d elementor-section-stretched elementor-section-boxed elementor-section-height-default elementor-section-height-default\" data-id=\"a839e8d\" data-element_type=\"section\" data-settings=\"{&quot;stretch_section&quot;:&quot;section-stretched&quot;}\">\n\t\t\t\t\t\t<div class=\"elementor-container elementor-column-gap-default\">\n\t\t\t\t\t<div class=\"elementor-column elementor-col-100 elementor-top-column elementor-element elementor-element-754230f\" data-id=\"754230f\" data-element_type=\"column\">\n\t\t\t<div class=\"elementor-widget-wrap elementor-element-populated\">\n\t\t\t\t\t\t\t\t<div class=\"elementor-element elementor-element-43a9003 elementor-widget elementor-widget-text-editor\" data-id=\"43a9003\" data-element_type=\"widget\" data-widget_type=\"text-editor.default\">\n\t\t\t\t<div class=\"elementor-widget-container\">\n\t\t\t<style>\/*! elementor - v3.5.5 - 03-02-2022 *\/\n.elementor-widget-text-editor.elementor-drop-cap-view-stacked .elementor-drop-cap{background-color:#818a91;color:#fff}.elementor-widget-text-editor.elementor-drop-cap-view-framed .elementor-drop-cap{color:#818a91;border:3px solid;background-color:transparent}.elementor-widget-text-editor:not(.elementor-drop-cap-view-default) .elementor-drop-cap{margin-top:8px}.elementor-widget-text-editor:not(.elementor-drop-cap-view-default) .elementor-drop-cap-letter{width:1em;height:1em}.elementor-widget-text-editor .elementor-drop-cap{float:left;text-align:center;line-height:1;font-size:50px}.elementor-widget-text-editor .elementor-drop-cap-letter{display:inline-block}<\/style>\t\t\t\t<h3 style=\"text-align: center;\"><span style=\"color: #33cccc;\">Festival des arts de rue<\/span><\/h3>\t\t\t\t\t\t<\/div>\n\t\t\t\t<\/div>\n\t\t\t\t\t<\/div>\n\t\t<\/div>\n\t\t\t\t\t\t\t<\/div>\n\t\t<\/section>\n\t\t\t\t<section class=\"elementor-section elementor-top-section elementor-element elementor-element-5201c57 elementor-section-boxed elementor-section-height-default elementor-section-height-default\" data-id=\"5201c57\" data-element_type=\"section\">\n\t\t\t\t\t\t<div class=\"elementor-container elementor-column-gap-default\">\n\t\t\t\t\t<div class=\"elementor-column elementor-col-50 elementor-top-column elementor-element elementor-element-478d60b\" data-id=\"478d60b\" data-element_type=\"column\">\n\t\t\t<div class=\"elementor-widget-wrap elementor-element-populated\">\n\t\t\t\t\t\t\t\t<div class=\"elementor-element elementor-element-1d52d3b elementor-widget elementor-widget-text-editor\" data-id=\"1d52d3b\" data-element_type=\"widget\" data-widget_type=\"text-editor.default\">\n\t\t\t\t<div class=\"elementor-widget-container\">\n\t\t\t\t\t\t\t<p style=\"text-align: center;\">Soutenez le festival en faisant un petit don !<\/p><p>Nous avons besoin de vous pour faire perdurer cet \u00e9v\u00e9nement artistique, rural et f\u00e9d\u00e9rateur ! Cliquez ici =&gt;<\/p>\t\t\t\t\t\t<\/div>\n\t\t\t\t<\/div>\n\t\t\t\t\t<\/div>\n\t\t<\/div>\n\t\t\t\t<div class=\"elementor-column elementor-col-50 elementor-top-column elementor-element elementor-element-a93995f\" data-id=\"a93995f\" data-element_type=\"column\">\n\t\t\t<div class=\"elementor-widget-wrap elementor-element-populated\">\n\t\t\t\t\t\t\t\t<div class=\"elementor-element elementor-element-d7b3a35 elementor-widget elementor-widget-image\" data-id=\"d7b3a35\" data-element_type=\"widget\" data-widget_type=\"image.default\">\n\t\t\t\t<div class=\"elementor-widget-container\">\n\t\t\t<style>\/*! elementor - v3.5.5 - 03-02-2022 *\/\n.elementor-widget-image{text-align:center}.elementor-widget-image a{display:inline-block}.elementor-widget-image a img[src$=\".svg\"]{width:48px}.elementor-widget-image img{vertical-align:middle;display:inline-block}<\/style>\t\t\t\t\t\t\t\t\t\t\t\t\t<a href=\"https:\/\/jadopteunprojet.com\/decouvrez-les-projets\/detail\/fracas-dans-les-rues\" target=\"_blank\">\n\t\t\t\t\t\t\t<img loading=\"lazy\" decoding=\"async\" width=\"580\" height=\"486\" src=\"http:\/\/fracas.lescigales.org\/wp-content\/uploads\/2024\/06\/Cagnotte-on-compte-sur-vous.png\" class=\"attachment-large size-large\" alt=\"\" srcset=\"http:\/\/fracas.lescigales.org\/wp-content\/uploads\/2024\/06\/Cagnotte-on-compte-sur-vous.png 940w, http:\/\/fracas.lescigales.org\/wp-content\/uploads\/2024\/06\/Cagnotte-on-compte-sur-vous-300x251.png 300w, http:\/\/fracas.lescigales.org\/wp-content\/uploads\/2024\/06\/Cagnotte-on-compte-sur-vous-768x644.png 768w\" sizes=\"(max-width: 580px) 100vw, 580px\" \/>\t\t\t\t\t\t\t\t<\/a>\n\t\t\t\t\t\t\t\t\t\t\t\t\t\t\t<\/div>\n\t\t\t\t<\/div>\n\t\t\t\t\t<\/div>\n\t\t<\/div>\n\t\t\t\t\t\t\t<\/div>\n\t\t<\/section>\n\t\t\t\t<section class=\"elementor-section elementor-top-section elementor-element elementor-element-95ab25c elementor-section-boxed elementor-section-height-default elementor-section-height-default\" data-id=\"95ab25c\" data-element_type=\"section\">\n\t\t\t\t\t\t<div class=\"elementor-container elementor-column-gap-default\">\n\t\t\t\t\t<div class=\"elementor-column elementor-col-100 elementor-top-column elementor-element elementor-element-eb2192b\" data-id=\"eb2192b\" data-element_type=\"column\">\n\t\t\t<div class=\"elementor-widget-wrap elementor-element-populated\">\n\t\t\t\t\t\t\t\t<div class=\"elementor-element elementor-element-fae3511 elementor-widget elementor-widget-image\" data-id=\"fae3511\" data-element_type=\"widget\" data-widget_type=\"image.default\">\n\t\t\t\t<div class=\"elementor-widget-container\">\n\t\t\t\t\t\t\t\t\t\t\t\t\t\t\t<img loading=\"lazy\" decoding=\"async\" width=\"580\" height=\"820\" src=\"http:\/\/fracas.lescigales.org\/wp-content\/uploads\/2024\/07\/Affiche-2024-finale-724x1024.png\" class=\"attachment-large size-large\" alt=\"\" srcset=\"http:\/\/fracas.lescigales.org\/wp-content\/uploads\/2024\/07\/Affiche-2024-finale-724x1024.png 724w, http:\/\/fracas.lescigales.org\/wp-content\/uploads\/2024\/07\/Affiche-2024-finale-212x300.png 212w, http:\/\/fracas.lescigales.org\/wp-content\/uploads\/2024\/07\/Affiche-2024-finale-768x1086.png 768w, http:\/\/fracas.lescigales.org\/wp-content\/uploads\/2024\/07\/Affiche-2024-finale-1086x1536.png 1086w, http:\/\/fracas.lescigales.org\/wp-content\/uploads\/2024\/07\/Affiche-2024-finale-1200x1697.png 1200w, http:\/\/fracas.lescigales.org\/wp-content\/uploads\/2024\/07\/Affiche-2024-finale.png 1414w\" sizes=\"(max-width: 580px) 100vw, 580px\" \/>\t\t\t\t\t\t\t\t\t\t\t\t\t\t\t<\/div>\n\t\t\t\t<\/div>\n\t\t\t\t\t<\/div>\n\t\t<\/div>\n\t\t\t\t\t\t\t<\/div>\n\t\t<\/section>\n\t\t\t\t<section class=\"elementor-section elementor-top-section elementor-element elementor-element-ce3b697 elementor-section-stretched elementor-section-boxed elementor-section-height-default elementor-section-height-default\" data-id=\"ce3b697\" data-element_type=\"section\" data-settings=\"{&quot;stretch_section&quot;:&quot;section-stretched&quot;}\">\n\t\t\t\t\t\t<div class=\"elementor-container elementor-column-gap-default\">\n\t\t\t\t\t<div class=\"elementor-column elementor-col-100 elementor-top-column elementor-element elementor-element-3bb2ece\" data-id=\"3bb2ece\" data-element_type=\"column\">\n\t\t\t<div class=\"elementor-widget-wrap elementor-element-populated\">\n\t\t\t\t\t\t\t\t<div class=\"elementor-element elementor-element-1f9fa56 elementor-widget elementor-widget-text-editor\" data-id=\"1f9fa56\" data-element_type=\"widget\" data-widget_type=\"text-editor.default\">\n\t\t\t\t<div class=\"elementor-widget-container\">\n\t\t\t\t\t\t\t<p style=\"text-align: center;\">On vous attend les 10 et 11 ao\u00fbt prochain pour se retrouver autour de spectacles de danse, de marionnettes, de cirque, de th\u00e9\u00e2tre, et pleins d&rsquo;autres surprises \u00e0 Saint-Romain (16210)!<\/p><p>\u00a0<\/p><p>Cette ann\u00e9e nous accueillerons des intervenants et intervantes locales : le foodtruck <a href=\"https:\/\/caracoleperigord.jimdofree.com\/\" target=\"_blank\" rel=\"noopener\">La Caracole<\/a> (Dordogne), la bi\u00e8re <a href=\"https:\/\/lanouge.fr\/\" target=\"_blank\" rel=\"noopener\">La Nouge<\/a> (Dordogne), <a href=\"https:\/\/glace-de-la-ferme-texier.fr\/\" target=\"_blank\" rel=\"noopener\">les glaces Texier<\/a> (Dordogne) et bien s\u00fbr les compagnies artistiques (Nouvelle-Aquitaine)!<\/p><p>\u00a0<\/p><p style=\"text-align: center;\">Et on vous d\u00e9voile le programme!!<\/p>\t\t\t\t\t\t<\/div>\n\t\t\t\t<\/div>\n\t\t\t\t\t<\/div>\n\t\t<\/div>\n\t\t\t\t\t\t\t<\/div>\n\t\t<\/section>\n\t\t\t\t<section class=\"elementor-section elementor-top-section elementor-element elementor-element-66cb166 elementor-section-stretched elementor-section-boxed elementor-section-height-default elementor-section-height-default\" data-id=\"66cb166\" data-element_type=\"section\" data-settings=\"{&quot;stretch_section&quot;:&quot;section-stretched&quot;}\">\n\t\t\t\t\t\t<div class=\"elementor-container elementor-column-gap-default\">\n\t\t\t\t\t<div class=\"elementor-column elementor-col-100 elementor-top-column elementor-element elementor-element-33a5241\" data-id=\"33a5241\" data-element_type=\"column\">\n\t\t\t<div class=\"elementor-widget-wrap elementor-element-populated\">\n\t\t\t\t\t\t\t\t<div class=\"elementor-element elementor-element-c12fe8f elementor-widget elementor-widget-image\" data-id=\"c12fe8f\" data-element_type=\"widget\" data-widget_type=\"image.default\">\n\t\t\t\t<div class=\"elementor-widget-container\">\n\t\t\t\t\t\t\t\t\t\t\t\t\t\t\t<img loading=\"lazy\" decoding=\"async\" width=\"1849\" height=\"875\" src=\"http:\/\/fracas.lescigales.org\/wp-content\/uploads\/2024\/07\/Programme-2024-Fracas-dans-les-Rues_p1.jpg\" class=\"attachment-full size-full\" alt=\"\" srcset=\"http:\/\/fracas.lescigales.org\/wp-content\/uploads\/2024\/07\/Programme-2024-Fracas-dans-les-Rues_p1.jpg 1849w, http:\/\/fracas.lescigales.org\/wp-content\/uploads\/2024\/07\/Programme-2024-Fracas-dans-les-Rues_p1-300x142.jpg 300w, http:\/\/fracas.lescigales.org\/wp-content\/uploads\/2024\/07\/Programme-2024-Fracas-dans-les-Rues_p1-1024x485.jpg 1024w, http:\/\/fracas.lescigales.org\/wp-content\/uploads\/2024\/07\/Programme-2024-Fracas-dans-les-Rues_p1-768x363.jpg 768w, http:\/\/fracas.lescigales.org\/wp-content\/uploads\/2024\/07\/Programme-2024-Fracas-dans-les-Rues_p1-1536x727.jpg 1536w, http:\/\/fracas.lescigales.org\/wp-content\/uploads\/2024\/07\/Programme-2024-Fracas-dans-les-Rues_p1-1200x568.jpg 1200w\" sizes=\"(max-width: 1849px) 100vw, 1849px\" \/>\t\t\t\t\t\t\t\t\t\t\t\t\t\t\t<\/div>\n\t\t\t\t<\/div>\n\t\t\t\t\t<\/div>\n\t\t<\/div>\n\t\t\t\t\t\t\t<\/div>\n\t\t<\/section>\n\t\t\t\t<section class=\"elementor-section elementor-top-section elementor-element elementor-element-2687c34 elementor-section-stretched elementor-section-boxed elementor-section-height-default elementor-section-height-default\" data-id=\"2687c34\" data-element_type=\"section\" data-settings=\"{&quot;stretch_section&quot;:&quot;section-stretched&quot;}\">\n\t\t\t\t\t\t<div class=\"elementor-container elementor-column-gap-default\">\n\t\t\t\t\t<div class=\"elementor-column elementor-col-100 elementor-top-column elementor-element elementor-element-8f0d68b\" data-id=\"8f0d68b\" data-element_type=\"column\">\n\t\t\t<div class=\"elementor-widget-wrap elementor-element-populated\">\n\t\t\t\t\t\t\t\t<div class=\"elementor-element elementor-element-c77c136 elementor-widget elementor-widget-image\" data-id=\"c77c136\" data-element_type=\"widget\" data-widget_type=\"image.default\">\n\t\t\t\t<div class=\"elementor-widget-container\">\n\t\t\t\t\t\t\t\t\t\t\t\t\t\t\t<img loading=\"lazy\" decoding=\"async\" width=\"1849\" height=\"875\" src=\"http:\/\/fracas.lescigales.org\/wp-content\/uploads\/2024\/07\/Programme-2024-Fracas-dans-les-Rues_p2.jpg\" class=\"attachment-full size-full\" alt=\"\" srcset=\"http:\/\/fracas.lescigales.org\/wp-content\/uploads\/2024\/07\/Programme-2024-Fracas-dans-les-Rues_p2.jpg 1849w, http:\/\/fracas.lescigales.org\/wp-content\/uploads\/2024\/07\/Programme-2024-Fracas-dans-les-Rues_p2-300x142.jpg 300w, http:\/\/fracas.lescigales.org\/wp-content\/uploads\/2024\/07\/Programme-2024-Fracas-dans-les-Rues_p2-1024x485.jpg 1024w, http:\/\/fracas.lescigales.org\/wp-content\/uploads\/2024\/07\/Programme-2024-Fracas-dans-les-Rues_p2-768x363.jpg 768w, http:\/\/fracas.lescigales.org\/wp-content\/uploads\/2024\/07\/Programme-2024-Fracas-dans-les-Rues_p2-1536x727.jpg 1536w, http:\/\/fracas.lescigales.org\/wp-content\/uploads\/2024\/07\/Programme-2024-Fracas-dans-les-Rues_p2-1200x568.jpg 1200w\" sizes=\"(max-width: 1849px) 100vw, 1849px\" \/>\t\t\t\t\t\t\t\t\t\t\t\t\t\t\t<\/div>\n\t\t\t\t<\/div>\n\t\t\t\t\t<\/div>\n\t\t<\/div>\n\t\t\t\t\t\t\t<\/div>\n\t\t<\/section>\n\t\t\t\t\t\t<\/div>\n\t\t\t\t\t<\/div>\n\t\t","protected":false},"excerpt":{"rendered":"<p>Festival des arts de rue Soutenez le festival en faisant un petit don ! Nous avons besoin de vous pour faire perdurer cet \u00e9v\u00e9nement artistique, rural et f\u00e9d\u00e9rateur ! Cliquez ici =&gt; On vous attend les 10 et 11 ao\u00fbt prochain pour se retrouver autour de spectacles de danse, de marionnettes, de cirque, de th\u00e9\u00e2tre, [&hellip;]<\/p>\n","protected":false},"author":2,"featured_media":0,"parent":0,"menu_order":0,"comment_status":"closed","ping_status":"closed","template":"","meta":{"footnotes":""},"_links":{"self":[{"href":"http:\/\/fracas.lescigales.org\/index.php?rest_route=\/wp\/v2\/pages\/467"}],"collection":[{"href":"http:\/\/fracas.lescigales.org\/index.php?rest_route=\/wp\/v2\/pages"}],"about":[{"href":"http:\/\/fracas.lescigales.org\/index.php?rest_route=\/wp\/v2\/types\/page"}],"author":[{"embeddable":true,"href":"http:\/\/fracas.lescigales.org\/index.php?rest_route=\/wp\/v2\/users\/2"}],"replies":[{"embeddable":true,"href":"http:\/\/fracas.lescigales.org\/index.php?rest_route=%2Fwp%2Fv2%2Fcomments&post=467"}],"version-history":[{"count":25,"href":"http:\/\/fracas.lescigales.org\/index.php?rest_route=\/wp\/v2\/pages\/467\/revisions"}],"predecessor-version":[{"id":631,"href":"http:\/\/fracas.lescigales.org\/index.php?rest_route=\/wp\/v2\/pages\/467\/revisions\/631"}],"wp:attachment":[{"href":"http:\/\/fracas.lescigales.org\/index.php?rest_route=%2Fwp%2Fv2%2Fmedia&parent=467"}],"curies":[{"name":"wp","href":"https:\/\/api.w.org\/{rel}","templated":true}]}}