{"id":476,"date":"2024-02-01T15:16:16","date_gmt":"2024-02-01T14:16:16","guid":{"rendered":"https:\/\/fracas.lescigales.org\/?page_id=476"},"modified":"2024-06-07T15:01:54","modified_gmt":"2024-06-07T13:01:54","slug":"festival-des-arts-de-la-rue-itinerant","status":"publish","type":"page","link":"https:\/\/fracas.lescigales.org\/?page_id=476","title":{"rendered":"Fracas dans les rues"},"content":{"rendered":"\t\t<div data-elementor-type=\"wp-page\" data-elementor-id=\"476\" class=\"elementor elementor-476\" data-elementor-settings=\"[]\">\n\t\t\t\t\t\t\t<div class=\"elementor-section-wrap\">\n\t\t\t\t\t\t\t<section class=\"elementor-section elementor-top-section elementor-element elementor-element-fbc44c2 elementor-section-stretched elementor-section-boxed elementor-section-height-default elementor-section-height-default\" data-id=\"fbc44c2\" data-element_type=\"section\" data-settings=\"{&quot;stretch_section&quot;:&quot;section-stretched&quot;}\">\n\t\t\t\t\t\t<div class=\"elementor-container elementor-column-gap-default\">\n\t\t\t\t\t<div class=\"elementor-column elementor-col-100 elementor-top-column elementor-element elementor-element-99a921b\" data-id=\"99a921b\" data-element_type=\"column\">\n\t\t\t<div class=\"elementor-widget-wrap elementor-element-populated\">\n\t\t\t\t\t\t\t\t<div class=\"elementor-element elementor-element-c508cf0 elementor-widget elementor-widget-text-editor\" data-id=\"c508cf0\" data-element_type=\"widget\" data-widget_type=\"text-editor.default\">\n\t\t\t\t<div class=\"elementor-widget-container\">\n\t\t\t<style>\/*! elementor - v3.5.5 - 03-02-2022 *\/\n.elementor-widget-text-editor.elementor-drop-cap-view-stacked .elementor-drop-cap{background-color:#818a91;color:#fff}.elementor-widget-text-editor.elementor-drop-cap-view-framed .elementor-drop-cap{color:#818a91;border:3px solid;background-color:transparent}.elementor-widget-text-editor:not(.elementor-drop-cap-view-default) .elementor-drop-cap{margin-top:8px}.elementor-widget-text-editor:not(.elementor-drop-cap-view-default) .elementor-drop-cap-letter{width:1em;height:1em}.elementor-widget-text-editor .elementor-drop-cap{float:left;text-align:center;line-height:1;font-size:50px}.elementor-widget-text-editor .elementor-drop-cap-letter{display:inline-block}<\/style>\t\t\t\t<h3 style=\"text-align: center;\">Fracas dans les rues<\/h3><p style=\"text-align: center;\">Festival des arts de la rue itin\u00e9rant<\/p>\t\t\t\t\t\t<\/div>\n\t\t\t\t<\/div>\n\t\t\t\t\t<\/div>\n\t\t<\/div>\n\t\t\t\t\t\t\t<\/div>\n\t\t<\/section>\n\t\t\t\t<section class=\"elementor-section elementor-top-section elementor-element elementor-element-a7f18a8 elementor-section-stretched elementor-section-boxed elementor-section-height-default elementor-section-height-default\" data-id=\"a7f18a8\" data-element_type=\"section\" data-settings=\"{&quot;stretch_section&quot;:&quot;section-stretched&quot;}\">\n\t\t\t\t\t\t<div class=\"elementor-container elementor-column-gap-default\">\n\t\t\t\t\t<div class=\"elementor-column elementor-col-100 elementor-top-column elementor-element elementor-element-77e81b0\" data-id=\"77e81b0\" data-element_type=\"column\">\n\t\t\t<div class=\"elementor-widget-wrap elementor-element-populated\">\n\t\t\t\t\t\t\t\t<div class=\"elementor-element elementor-element-ac5b8e0 elementor-widget elementor-widget-text-editor\" data-id=\"ac5b8e0\" data-element_type=\"widget\" data-widget_type=\"text-editor.default\">\n\t\t\t\t<div class=\"elementor-widget-container\">\n\t\t\t\t\t\t\t<p>En plus d&rsquo;accompagner les personnes et les structures dans leurs projets artistiques et culturels, Fracas organise, depuis 2023, un festival d&rsquo;arts de rue itin\u00e9rant.<\/p><p>Pendant deux jours, une dizaine d&rsquo;artistes anime les rues des villages du sud Charente, et on esp\u00e8re bient\u00f4t de Dordogne !<\/p><p>Ce festival, en plus de promouvoir les arts vivants, propose des ateliers d&rsquo;initiation (cirque, yoga&#8230;) et souhaite mettre en valeur le patrimoine des petits villages.<\/p>\t\t\t\t\t\t<\/div>\n\t\t\t\t<\/div>\n\t\t\t\t\t<\/div>\n\t\t<\/div>\n\t\t\t\t\t\t\t<\/div>\n\t\t<\/section>\n\t\t\t\t<section class=\"elementor-section elementor-top-section elementor-element elementor-element-23b1fdf elementor-section-boxed elementor-section-height-default elementor-section-height-default\" data-id=\"23b1fdf\" data-element_type=\"section\">\n\t\t\t\t\t\t<div class=\"elementor-container elementor-column-gap-default\">\n\t\t\t\t\t<div class=\"elementor-column elementor-col-50 elementor-top-column elementor-element elementor-element-7c5e6f9\" data-id=\"7c5e6f9\" data-element_type=\"column\">\n\t\t\t<div class=\"elementor-widget-wrap elementor-element-populated\">\n\t\t\t\t\t\t\t\t<div class=\"elementor-element elementor-element-5202a12 elementor-widget elementor-widget-image\" data-id=\"5202a12\" data-element_type=\"widget\" data-widget_type=\"image.default\">\n\t\t\t\t<div class=\"elementor-widget-container\">\n\t\t\t<style>\/*! elementor - v3.5.5 - 03-02-2022 *\/\n.elementor-widget-image{text-align:center}.elementor-widget-image a{display:inline-block}.elementor-widget-image a img[src$=\".svg\"]{width:48px}.elementor-widget-image img{vertical-align:middle;display:inline-block}<\/style>\t\t\t\t\t\t\t\t\t\t\t\t<img loading=\"lazy\" decoding=\"async\" width=\"225\" height=\"300\" src=\"https:\/\/fracas.lescigales.org\/wp-content\/uploads\/2023\/09\/0195BE5E-7A9D-4014-A3BC-88B19910BF4D_1_105_c-225x300.jpeg\" class=\"attachment-medium size-medium\" alt=\"\" srcset=\"https:\/\/fracas.lescigales.org\/wp-content\/uploads\/2023\/09\/0195BE5E-7A9D-4014-A3BC-88B19910BF4D_1_105_c-225x300.jpeg 225w, https:\/\/fracas.lescigales.org\/wp-content\/uploads\/2023\/09\/0195BE5E-7A9D-4014-A3BC-88B19910BF4D_1_105_c.jpeg 768w\" sizes=\"(max-width: 225px) 100vw, 225px\" \/>\t\t\t\t\t\t\t\t\t\t\t\t\t\t\t<\/div>\n\t\t\t\t<\/div>\n\t\t\t\t\t<\/div>\n\t\t<\/div>\n\t\t\t\t<div class=\"elementor-column elementor-col-50 elementor-top-column elementor-element elementor-element-548aebe\" data-id=\"548aebe\" data-element_type=\"column\">\n\t\t\t<div class=\"elementor-widget-wrap elementor-element-populated\">\n\t\t\t\t\t\t\t\t<div class=\"elementor-element elementor-element-1f91a21 elementor-widget elementor-widget-image\" data-id=\"1f91a21\" data-element_type=\"widget\" data-widget_type=\"image.default\">\n\t\t\t\t<div class=\"elementor-widget-container\">\n\t\t\t\t\t\t\t\t\t\t\t\t\t\t\t<img loading=\"lazy\" decoding=\"async\" width=\"225\" height=\"300\" src=\"https:\/\/fracas.lescigales.org\/wp-content\/uploads\/2023\/09\/368701760_306409645273885_3943531518339901496_n-225x300.jpg\" class=\"attachment-medium size-medium\" alt=\"\" srcset=\"https:\/\/fracas.lescigales.org\/wp-content\/uploads\/2023\/09\/368701760_306409645273885_3943531518339901496_n-225x300.jpg 225w, https:\/\/fracas.lescigales.org\/wp-content\/uploads\/2023\/09\/368701760_306409645273885_3943531518339901496_n-768x1024.jpg 768w, https:\/\/fracas.lescigales.org\/wp-content\/uploads\/2023\/09\/368701760_306409645273885_3943531518339901496_n-1152x1536.jpg 1152w, https:\/\/fracas.lescigales.org\/wp-content\/uploads\/2023\/09\/368701760_306409645273885_3943531518339901496_n.jpg 1200w\" sizes=\"(max-width: 225px) 100vw, 225px\" \/>\t\t\t\t\t\t\t\t\t\t\t\t\t\t\t<\/div>\n\t\t\t\t<\/div>\n\t\t\t\t\t<\/div>\n\t\t<\/div>\n\t\t\t\t\t\t\t<\/div>\n\t\t<\/section>\n\t\t\t\t\t\t<\/div>\n\t\t\t\t\t<\/div>\n\t\t","protected":false},"excerpt":{"rendered":"<p>Fracas dans les rues Festival des arts de la rue itin\u00e9rant En plus d&rsquo;accompagner les personnes et les structures dans leurs projets artistiques et culturels, Fracas organise, depuis 2023, un festival d&rsquo;arts de rue itin\u00e9rant. Pendant deux jours, une dizaine d&rsquo;artistes anime les rues des villages du sud Charente, et on esp\u00e8re bient\u00f4t de Dordogne [&hellip;]<\/p>\n","protected":false},"author":2,"featured_media":0,"parent":0,"menu_order":0,"comment_status":"closed","ping_status":"closed","template":"","meta":{"footnotes":""},"_links":{"self":[{"href":"https:\/\/fracas.lescigales.org\/index.php?rest_route=\/wp\/v2\/pages\/476"}],"collection":[{"href":"https:\/\/fracas.lescigales.org\/index.php?rest_route=\/wp\/v2\/pages"}],"about":[{"href":"https:\/\/fracas.lescigales.org\/index.php?rest_route=\/wp\/v2\/types\/page"}],"author":[{"embeddable":true,"href":"https:\/\/fracas.lescigales.org\/index.php?rest_route=\/wp\/v2\/users\/2"}],"replies":[{"embeddable":true,"href":"https:\/\/fracas.lescigales.org\/index.php?rest_route=%2Fwp%2Fv2%2Fcomments&post=476"}],"version-history":[{"count":22,"href":"https:\/\/fracas.lescigales.org\/index.php?rest_route=\/wp\/v2\/pages\/476\/revisions"}],"predecessor-version":[{"id":592,"href":"https:\/\/fracas.lescigales.org\/index.php?rest_route=\/wp\/v2\/pages\/476\/revisions\/592"}],"wp:attachment":[{"href":"https:\/\/fracas.lescigales.org\/index.php?rest_route=%2Fwp%2Fv2%2Fmedia&parent=476"}],"curies":[{"name":"wp","href":"https:\/\/api.w.org\/{rel}","templated":true}]}}